{"id":173,"date":"2019-01-22T12:04:38","date_gmt":"2019-01-22T12:04:38","guid":{"rendered":"https:\/\/www.plexit.pt\/?page_id=8"},"modified":"2025-11-11T17:45:59","modified_gmt":"2025-11-11T17:45:59","slug":"home-173","status":"publish","type":"page","link":"https:\/\/www.plexit.pt\/en_gb\/","title":{"rendered":"Home"},"content":{"rendered":"","protected":false},"excerpt":{"rendered":"","protected":false},"author":4,"featured_media":0,"parent":0,"menu_order":0,"comment_status":"open","ping_status":"closed","template":"","meta":{"footnotes":""},"class_list":["post-173","page","type-page","status-publish","hentry"],"yoast_head":"<!-- This site is optimized with the Yoast SEO plugin v25.7 - https:\/\/yoast.com\/wordpress\/plugins\/seo\/ -->\n<title>Home - PlexIT<\/title>\n<meta name=\"description\" content=\"Na Plexit, a nossa miss\u00e3o \u00e9 fornecer servi\u00e7os de desenvolvimento de software da mais alta qualidade, personalizados para cada empresa. Com fiabilidade e transpar\u00eancia, oferecemos solu\u00e7\u00f5es eficazes que impulsionam o crescimento do seu neg\u00f3cio.\" \/>\n<meta name=\"robots\" content=\"index, follow, max-snippet:-1, max-image-preview:large, max-video-preview:-1\" \/>\n<link rel=\"canonical\" href=\"https:\/\/www.plexit.pt\/en_gb\/\" \/>\n<meta property=\"og:locale\" content=\"en_GB\" \/>\n<meta property=\"og:type\" content=\"article\" \/>\n<meta property=\"og:title\" content=\"Home - PlexIT\" \/>\n<meta property=\"og:description\" content=\"Na Plexit, a nossa miss\u00e3o \u00e9 fornecer servi\u00e7os de desenvolvimento de software da mais alta qualidade, personalizados para cada empresa. Com fiabilidade e transpar\u00eancia, oferecemos solu\u00e7\u00f5es eficazes que impulsionam o crescimento do seu neg\u00f3cio.\" \/>\n<meta property=\"og:url\" content=\"https:\/\/www.plexit.pt\/en_gb\/\" \/>\n<meta property=\"og:site_name\" content=\"PlexIT\" \/>\n<meta property=\"article:modified_time\" content=\"2025-11-11T17:45:59+00:00\" \/>\n<meta name=\"twitter:card\" content=\"summary_large_image\" \/>\n<script type=\"application\/ld+json\" class=\"yoast-schema-graph\">{\"@context\":\"https:\/\/schema.org\",\"@graph\":[{\"@type\":\"WebPage\",\"@id\":\"https:\/\/www.plexit.pt\/\",\"url\":\"https:\/\/www.plexit.pt\/\",\"name\":\"Home - PlexIT\",\"isPartOf\":{\"@id\":\"https:\/\/www.plexit.pt\/#website\"},\"datePublished\":\"2019-01-22T12:04:38+00:00\",\"dateModified\":\"2025-11-11T17:45:59+00:00\",\"description\":\"Na Plexit, a nossa miss\u00e3o \u00e9 fornecer servi\u00e7os de desenvolvimento de software da mais alta qualidade, personalizados para cada empresa. Com fiabilidade e transpar\u00eancia, oferecemos solu\u00e7\u00f5es eficazes que impulsionam o crescimento do seu neg\u00f3cio.\",\"breadcrumb\":{\"@id\":\"https:\/\/www.plexit.pt\/#breadcrumb\"},\"inLanguage\":\"en-GB\",\"potentialAction\":[{\"@type\":\"ReadAction\",\"target\":[\"https:\/\/www.plexit.pt\/\"]}]},{\"@type\":\"BreadcrumbList\",\"@id\":\"https:\/\/www.plexit.pt\/#breadcrumb\",\"itemListElement\":[{\"@type\":\"ListItem\",\"position\":1,\"name\":\"Home\",\"item\":\"https:\/\/www.plexit.pt\/\"},{\"@type\":\"ListItem\",\"position\":2,\"name\":\"Home\"}]},{\"@type\":\"WebSite\",\"@id\":\"https:\/\/www.plexit.pt\/#website\",\"url\":\"https:\/\/www.plexit.pt\/\",\"name\":\"PlexIT\",\"description\":\"Consultoria &amp; Tecnologias de Informa\u00e7\u00e3o\",\"publisher\":{\"@id\":\"https:\/\/www.plexit.pt\/#organization\"},\"potentialAction\":[{\"@type\":\"SearchAction\",\"target\":{\"@type\":\"EntryPoint\",\"urlTemplate\":\"https:\/\/www.plexit.pt\/?s={search_term_string}\"},\"query-input\":{\"@type\":\"PropertyValueSpecification\",\"valueRequired\":true,\"valueName\":\"search_term_string\"}}],\"inLanguage\":\"en-GB\"},{\"@type\":\"Organization\",\"@id\":\"https:\/\/www.plexit.pt\/#organization\",\"name\":\"PlexIT\",\"url\":\"https:\/\/www.plexit.pt\/\",\"logo\":{\"@type\":\"ImageObject\",\"inLanguage\":\"en-GB\",\"@id\":\"https:\/\/www.plexit.pt\/#\/schema\/logo\/image\/\",\"url\":\"https:\/\/www.plexit.pt\/wp-content\/uploads\/2023\/12\/LOGO_PLEXIT_POS_RGB.png\",\"contentUrl\":\"https:\/\/www.plexit.pt\/wp-content\/uploads\/2023\/12\/LOGO_PLEXIT_POS_RGB.png\",\"width\":9938,\"height\":3509,\"caption\":\"PlexIT\"},\"image\":{\"@id\":\"https:\/\/www.plexit.pt\/#\/schema\/logo\/image\/\"},\"sameAs\":[\"https:\/\/www.instagram.com\/plex4it\/\",\"https:\/\/pt.linkedin.com\/company\/plex4it\"]}]}<\/script>\n<!-- \/ Yoast SEO plugin. -->","yoast_head_json":{"title":"Home - PlexIT","description":"Na Plexit, a nossa miss\u00e3o \u00e9 fornecer servi\u00e7os de desenvolvimento de software da mais alta qualidade, personalizados para cada empresa. Com fiabilidade e transpar\u00eancia, oferecemos solu\u00e7\u00f5es eficazes que impulsionam o crescimento do seu neg\u00f3cio.","robots":{"index":"index","follow":"follow","max-snippet":"max-snippet:-1","max-image-preview":"max-image-preview:large","max-video-preview":"max-video-preview:-1"},"canonical":"https:\/\/www.plexit.pt\/en_gb\/","og_locale":"en_GB","og_type":"article","og_title":"Home - PlexIT","og_description":"Na Plexit, a nossa miss\u00e3o \u00e9 fornecer servi\u00e7os de desenvolvimento de software da mais alta qualidade, personalizados para cada empresa. Com fiabilidade e transpar\u00eancia, oferecemos solu\u00e7\u00f5es eficazes que impulsionam o crescimento do seu neg\u00f3cio.","og_url":"https:\/\/www.plexit.pt\/en_gb\/","og_site_name":"PlexIT","article_modified_time":"2025-11-11T17:45:59+00:00","twitter_card":"summary_large_image","schema":{"@context":"https:\/\/schema.org","@graph":[{"@type":"WebPage","@id":"https:\/\/www.plexit.pt\/","url":"https:\/\/www.plexit.pt\/","name":"Home - PlexIT","isPartOf":{"@id":"https:\/\/www.plexit.pt\/#website"},"datePublished":"2019-01-22T12:04:38+00:00","dateModified":"2025-11-11T17:45:59+00:00","description":"Na Plexit, a nossa miss\u00e3o \u00e9 fornecer servi\u00e7os de desenvolvimento de software da mais alta qualidade, personalizados para cada empresa. Com fiabilidade e transpar\u00eancia, oferecemos solu\u00e7\u00f5es eficazes que impulsionam o crescimento do seu neg\u00f3cio.","breadcrumb":{"@id":"https:\/\/www.plexit.pt\/#breadcrumb"},"inLanguage":"en-GB","potentialAction":[{"@type":"ReadAction","target":["https:\/\/www.plexit.pt\/"]}]},{"@type":"BreadcrumbList","@id":"https:\/\/www.plexit.pt\/#breadcrumb","itemListElement":[{"@type":"ListItem","position":1,"name":"Home","item":"https:\/\/www.plexit.pt\/"},{"@type":"ListItem","position":2,"name":"Home"}]},{"@type":"WebSite","@id":"https:\/\/www.plexit.pt\/#website","url":"https:\/\/www.plexit.pt\/","name":"PlexIT","description":"Consultoria &amp; Tecnologias de Informa\u00e7\u00e3o","publisher":{"@id":"https:\/\/www.plexit.pt\/#organization"},"potentialAction":[{"@type":"SearchAction","target":{"@type":"EntryPoint","urlTemplate":"https:\/\/www.plexit.pt\/?s={search_term_string}"},"query-input":{"@type":"PropertyValueSpecification","valueRequired":true,"valueName":"search_term_string"}}],"inLanguage":"en-GB"},{"@type":"Organization","@id":"https:\/\/www.plexit.pt\/#organization","name":"PlexIT","url":"https:\/\/www.plexit.pt\/","logo":{"@type":"ImageObject","inLanguage":"en-GB","@id":"https:\/\/www.plexit.pt\/#\/schema\/logo\/image\/","url":"https:\/\/www.plexit.pt\/wp-content\/uploads\/2023\/12\/LOGO_PLEXIT_POS_RGB.png","contentUrl":"https:\/\/www.plexit.pt\/wp-content\/uploads\/2023\/12\/LOGO_PLEXIT_POS_RGB.png","width":9938,"height":3509,"caption":"PlexIT"},"image":{"@id":"https:\/\/www.plexit.pt\/#\/schema\/logo\/image\/"},"sameAs":["https:\/\/www.instagram.com\/plex4it\/","https:\/\/pt.linkedin.com\/company\/plex4it"]}]}},"_links":{"self":[{"href":"https:\/\/www.plexit.pt\/en_gb\/wp-json\/wp\/v2\/pages\/173","targetHints":{"allow":["GET"]}}],"collection":[{"href":"https:\/\/www.plexit.pt\/en_gb\/wp-json\/wp\/v2\/pages"}],"about":[{"href":"https:\/\/www.plexit.pt\/en_gb\/wp-json\/wp\/v2\/types\/page"}],"author":[{"embeddable":true,"href":"https:\/\/www.plexit.pt\/en_gb\/wp-json\/wp\/v2\/users\/4"}],"replies":[{"embeddable":true,"href":"https:\/\/www.plexit.pt\/en_gb\/wp-json\/wp\/v2\/comments?post=173"}],"version-history":[{"count":0,"href":"https:\/\/www.plexit.pt\/en_gb\/wp-json\/wp\/v2\/pages\/173\/revisions"}],"wp:attachment":[{"href":"https:\/\/www.plexit.pt\/en_gb\/wp-json\/wp\/v2\/media?parent=173"}],"curies":[{"name":"wp","href":"https:\/\/api.w.org\/{rel}","templated":true}]}}